{"id":3100,"date":"2024-03-11T09:15:19","date_gmt":"2024-03-11T09:15:19","guid":{"rendered":"https:\/\/www.envolvia.com\/terms-and-conditions\/"},"modified":"2024-06-14T10:24:08","modified_gmt":"2024-06-14T09:24:08","slug":"terms-and-conditions","status":"publish","type":"page","link":"http:\/\/www.envolvia.com\/pt\/terms-and-conditions\/","title":{"rendered":"Terms and Conditions"},"content":{"rendered":"<div data-elementor-type=\"wp-page\" data-elementor-id=\"3100\" class=\"elementor elementor-3100\" data-elementor-post-type=\"page\">\n\t\t\t\t<div class=\"elementor-element elementor-element-1e40b5a e-flex e-con-boxed e-con e-parent\" data-id=\"1e40b5a\" data-element_type=\"container\" data-e-type=\"container\">\n\t\t\t\t\t<div class=\"e-con-inner\">\n\t\t\t\t<div class=\"elementor-element elementor-element-096ed44 elementor-widget elementor-widget-heading\" data-id=\"096ed44\" data-element_type=\"widget\" data-e-type=\"widget\" data-widget_type=\"heading.default\">\n\t\t\t\t<div class=\"elementor-widget-container\">\n\t\t\t\t\t<h2 class=\"elementor-heading-title elementor-size-default\">Termos e condi\u00e7\u00f5es<\/h2>\t\t\t\t<\/div>\n\t\t\t\t<\/div>\n\t\t\t\t<div class=\"elementor-element elementor-element-2bd3f40 elementor-widget elementor-widget-text-editor\" data-id=\"2bd3f40\" data-element_type=\"widget\" data-e-type=\"widget\" data-widget_type=\"text-editor.default\">\n\t\t\t\t<div class=\"elementor-widget-container\">\n\t\t\t\t\t\t\t\t\t<p><i>Os Termos e Condi\u00e7\u00f5es foram actualizados pela \u00faltima vez em 11\/03\/2024<\/i><\/p><h5>1. Introdu\u00e7\u00e3o<\/h5><p>Os presentes Termos e condi\u00e7\u00f5es aplicam-se a este s\u00edtio Web e \u00e0s transac\u00e7\u00f5es relacionadas com os nossos produtos e servi\u00e7os. O utilizador pode estar vinculado por contratos adicionais relacionados com a sua rela\u00e7\u00e3o connosco ou com quaisquer produtos ou servi\u00e7os que receba da nossa parte. Se quaisquer disposi\u00e7\u00f5es dos contratos adicionais entrarem em conflito com quaisquer disposi\u00e7\u00f5es dos presentes Termos, as disposi\u00e7\u00f5es desses contratos adicionais controlar\u00e3o e prevalecer\u00e3o.<\/p><h5>2. Vincula\u00e7\u00e3o<\/h5><p>Ao registar-se, aceder ou utilizar este website, o utilizador aceita ficar vinculado aos termos e condi\u00e7\u00f5es abaixo indicados. A simples utiliza\u00e7\u00e3o deste s\u00edtio Web implica o conhecimento e a aceita\u00e7\u00e3o dos presentes Termos e condi\u00e7\u00f5es. Em alguns casos particulares, podemos tamb\u00e9m pedir-lhe que aceite explicitamente.<\/p><h5>3. Comunica\u00e7\u00e3o eletr\u00f3nica<\/h5><p>Ao utilizar este website ou ao comunicar connosco por meios electr\u00f3nicos, o utilizador concorda e reconhece que podemos comunicar consigo eletronicamente no nosso website ou enviando-lhe um e-mail, e concorda que todos os acordos, avisos, divulga\u00e7\u00f5es e outras comunica\u00e7\u00f5es que lhe fornecemos eletronicamente satisfazem qualquer requisito legal, incluindo, mas n\u00e3o se limitando ao requisito de que tais comunica\u00e7\u00f5es devem ser feitas por escrito.<\/p><h5>4. Propriedade intelectual<\/h5><p>N\u00f3s ou os nossos licenciantes detemos e controlamos todos os direitos de autor e outros direitos de propriedade intelectual do s\u00edtio Web e dos dados, informa\u00e7\u00f5es e outros recursos apresentados ou acess\u00edveis no s\u00edtio Web.<\/p><p class=\"cmplz-subtitle\">4.1 Todos os direitos s\u00e3o reservados<\/p><p>Exceto se o conte\u00fado espec\u00edfico ditar o contr\u00e1rio, n\u00e3o lhe \u00e9 concedida uma licen\u00e7a ou qualquer outro direito ao abrigo de direitos de autor, marcas comerciais, patentes ou outros direitos de propriedade intelectual. Isto significa que n\u00e3o utilizar\u00e1, copiar\u00e1, reproduzir\u00e1, executar\u00e1, exibir\u00e1, distribuir\u00e1, incorporar\u00e1 em qualquer meio eletr\u00f3nico, alterar\u00e1, far\u00e1 engenharia inversa, descompilar\u00e1, transferir\u00e1, descarregar\u00e1, transmitir\u00e1, rentabilizar\u00e1, vender\u00e1, comercializar\u00e1 ou comercializar\u00e1 quaisquer recursos deste s\u00edtio Web, sob qualquer forma, sem a nossa autoriza\u00e7\u00e3o pr\u00e9via por escrito, exceto e apenas na medida em que tal esteja estipulado em regulamentos de lei obrigat\u00f3ria (como o direito de cita\u00e7\u00e3o).<\/p><h5>5. Propriedade de terceiros<\/h5><p>O nosso website pode incluir hiperliga\u00e7\u00f5es ou outras refer\u00eancias a websites de terceiros. N\u00e3o controlamos nem revemos o conte\u00fado dos s\u00edtios Web de terceiros para os quais existem liga\u00e7\u00f5es a partir deste s\u00edtio Web. Os produtos ou servi\u00e7os oferecidos por outros s\u00edtios Web est\u00e3o sujeitos aos termos e condi\u00e7\u00f5es aplic\u00e1veis desses terceiros. As opini\u00f5es expressas ou o material que aparece nesses s\u00edtios Web n\u00e3o s\u00e3o necessariamente partilhados ou aprovados por n\u00f3s.<\/p><p>N\u00e3o seremos respons\u00e1veis por quaisquer pr\u00e1ticas de privacidade ou conte\u00fado desses s\u00edtios. O utilizador assume todos os riscos associados \u00e0 utiliza\u00e7\u00e3o destes s\u00edtios Web e de quaisquer servi\u00e7os de terceiros relacionados. N\u00e3o aceitaremos qualquer responsabilidade por qualquer perda ou dano, seja de que forma for, independentemente da causa, resultante da divulga\u00e7\u00e3o de informa\u00e7\u00f5es pessoais a terceiros.<\/p><h5>6. Utiliza\u00e7\u00e3o respons\u00e1vel<\/h5><p>Ao visitar o nosso website, o utilizador concorda em utiliz\u00e1-lo apenas para os fins previstos e conforme permitido pelas presentes Condi\u00e7\u00f5es, por quaisquer contratos adicionais celebrados connosco e pelas leis e regulamentos aplic\u00e1veis, bem como pelas pr\u00e1ticas online geralmente aceites e pelas directrizes do sector. O utilizador n\u00e3o pode utilizar o nosso s\u00edtio Web ou os nossos servi\u00e7os para utilizar, publicar ou distribuir qualquer material que consista em (ou esteja ligado a) software inform\u00e1tico malicioso; utilizar dados recolhidos do nosso s\u00edtio Web para qualquer atividade de marketing direto ou realizar quaisquer actividades de recolha de dados sistem\u00e1ticas ou automatizadas no nosso s\u00edtio Web ou em rela\u00e7\u00e3o ao mesmo.<\/p><p>\u00c9 estritamente proibida qualquer atividade que cause, ou possa causar, danos ao s\u00edtio Web ou que interfira com o desempenho, a disponibilidade ou a acessibilidade do s\u00edtio Web.<\/p><h5>7. Submiss\u00e3o de ideias<\/h5><p>N\u00e3o envie quaisquer ideias, inven\u00e7\u00f5es, trabalhos de autoria ou outras informa\u00e7\u00f5es que possam ser consideradas propriedade intelectual sua e que gostaria de nos apresentar, exceto se tivermos assinado previamente um acordo relativo \u00e0 propriedade intelectual ou um acordo de n\u00e3o divulga\u00e7\u00e3o. Se o utilizador nos revelar sem esse acordo escrito, concede-nos uma licen\u00e7a mundial, irrevog\u00e1vel, n\u00e3o exclusiva e isenta de royalties para utilizar, reproduzir, armazenar, adaptar, publicar, traduzir e distribuir o seu conte\u00fado em qualquer suporte existente ou futuro.<\/p><h5>8. Cessa\u00e7\u00e3o da utiliza\u00e7\u00e3o<\/h5><p>Podemos, de acordo com o nosso crit\u00e9rio exclusivo, modificar ou interromper em qualquer altura o acesso, tempor\u00e1rio ou permanente, ao s\u00edtio Web ou a qualquer Servi\u00e7o nele existente. O utilizador concorda que n\u00e3o seremos respons\u00e1veis perante o utilizador ou terceiros por qualquer modifica\u00e7\u00e3o, suspens\u00e3o ou interrup\u00e7\u00e3o do seu acesso ou utiliza\u00e7\u00e3o do s\u00edtio Web ou de qualquer conte\u00fado que possa ter partilhado no s\u00edtio Web. O utilizador n\u00e3o ter\u00e1 direito a qualquer compensa\u00e7\u00e3o ou outro pagamento, mesmo que determinadas funcionalidades, defini\u00e7\u00f5es e\/ou qualquer Conte\u00fado com que tenha contribu\u00eddo ou em que tenha confiado, sejam permanentemente perdidos. O utilizador n\u00e3o deve contornar ou contornar, ou tentar contornar ou contornar, quaisquer medidas de restri\u00e7\u00e3o de acesso no nosso s\u00edtio Web.<\/p><h5>9. Garantias e responsabilidade<\/h5><p>Nada nesta sec\u00e7\u00e3o limitar\u00e1 ou excluir\u00e1 qualquer garantia impl\u00edcita por lei que seria ilegal limitar ou excluir. Este s\u00edtio Web e todo o conte\u00fado do s\u00edtio Web s\u00e3o fornecidos \"tal como est\u00e3o\" e \"conforme dispon\u00edveis\" e podem incluir imprecis\u00f5es ou erros tipogr\u00e1ficos. Renunciamos expressamente a todas as garantias de qualquer tipo, expressas ou impl\u00edcitas, quanto \u00e0 disponibilidade, exatid\u00e3o ou integridade do Conte\u00fado. N\u00e3o damos qualquer garantia de que:<\/p><p>\u00a0<\/p><ul><li>este website ou o nosso conte\u00fado satisfar\u00e1 as suas necessidades;<\/li><li>este website estar\u00e1 dispon\u00edvel numa base ininterrupta, atempada, segura ou isenta de erros.<\/li><\/ul><p>\u00a0<\/p><p>Nada neste s\u00edtio Web constitui ou se destina a constituir aconselhamento jur\u00eddico, financeiro ou m\u00e9dico de qualquer tipo. Se necessitar de aconselhamento, deve consultar um profissional adequado.<\/p><p>As disposi\u00e7\u00f5es seguintes desta sec\u00e7\u00e3o aplicar-se-\u00e3o na medida m\u00e1xima permitida pela legisla\u00e7\u00e3o aplic\u00e1vel e n\u00e3o limitar\u00e3o ou excluir\u00e3o a nossa responsabilidade relativamente a qualquer quest\u00e3o que seja ilegal ou il\u00edcita limitar ou excluir. Em caso algum seremos respons\u00e1veis por quaisquer danos directos ou indirectos (incluindo quaisquer danos por perda de lucros ou receitas, perda ou corrup\u00e7\u00e3o de dados, software ou base de dados, ou perda ou dano de propriedade ou dados) incorridos pelo utilizador ou por terceiros, resultantes do seu acesso ou utiliza\u00e7\u00e3o do nosso s\u00edtio Web.<\/p><p>Exceto na medida em que qualquer contrato adicional estabele\u00e7a expressamente o contr\u00e1rio, a nossa responsabilidade m\u00e1xima perante o utilizador por todos os danos resultantes de ou relacionados com o s\u00edtio Web ou quaisquer produtos e servi\u00e7os comercializados ou vendidos atrav\u00e9s do s\u00edtio Web, independentemente da forma de a\u00e7\u00e3o legal que imponha a responsabilidade (seja em contrato, equidade, neglig\u00eancia, conduta intencional, delito ou de outra forma) ser\u00e1 limitada ao pre\u00e7o total que o utilizador nos pagou para adquirir esses produtos ou servi\u00e7os ou utilizar o s\u00edtio Web. Este limite aplicar-se-\u00e1 de forma agregada a todas as suas reclama\u00e7\u00f5es, ac\u00e7\u00f5es e causas de a\u00e7\u00e3o de qualquer tipo e natureza.<\/p><h5>10. Privacidade<\/h5><p>Para aceder ao nosso s\u00edtio Web e\/ou servi\u00e7os, poder\u00e1 ser-lhe pedido que forne\u00e7a determinadas informa\u00e7\u00f5es sobre si pr\u00f3prio como parte do processo de registo. O utilizador concorda que qualquer informa\u00e7\u00e3o que forne\u00e7a ser\u00e1 sempre exacta, correcta e actualizada.<\/p><p>Desenvolvemos uma pol\u00edtica para responder a quaisquer preocupa\u00e7\u00f5es de privacidade que possa ter. Para mais informa\u00e7\u00f5es, consulte a nossa\u00a0<a href=\"https:\/\/www.envolvia.com\/pt\/terms-and-conditions\/?preview_id=3100&amp;preview_nonce=8ec368ff23&amp;preview=true\">Declara\u00e7\u00e3o de privacidade<\/a>\u00a0e a nossa\u00a0<a href=\"https:\/\/www.envolvia.com\/pt\/cookie-policy\/\">Pol\u00edtica de cookies<\/a>.<\/p><h5>11. Restri\u00e7\u00f5es \u00e0 exporta\u00e7\u00e3o \/ Conformidade legal<\/h5><p>\u00c9 proibido o acesso ao s\u00edtio Web a partir de territ\u00f3rios ou pa\u00edses onde o Conte\u00fado ou a compra dos produtos ou Servi\u00e7os vendidos no s\u00edtio Web sejam ilegais. O utilizador n\u00e3o pode utilizar este website em viola\u00e7\u00e3o das leis e regulamentos de exporta\u00e7\u00e3o de Fran\u00e7a.<\/p><h5>12. Atribui\u00e7\u00e3o<\/h5><p>O utilizador n\u00e3o pode ceder, transferir ou subcontratar quaisquer dos seus direitos e\/ou obriga\u00e7\u00f5es ao abrigo dos presentes Termos e condi\u00e7\u00f5es, no todo ou em parte, a terceiros sem o nosso consentimento pr\u00e9vio por escrito. Qualquer suposta cess\u00e3o que viole a presente sec\u00e7\u00e3o ser\u00e1 nula e sem efeito.<\/p><h5>13. Viola\u00e7\u00e3o das presentes condi\u00e7\u00f5es gerais<\/h5><p>Sem preju\u00edzo dos outros direitos que nos assistem ao abrigo dos presentes Termos e Condi\u00e7\u00f5es, se o utilizador violar os presentes Termos e Condi\u00e7\u00f5es de alguma forma, poderemos tomar as medidas que considerarmos adequadas para lidar com a viola\u00e7\u00e3o, incluindo a suspens\u00e3o tempor\u00e1ria ou permanente do acesso do utilizador ao s\u00edtio Web, o contacto com o fornecedor de servi\u00e7os de Internet do utilizador para solicitar que bloqueie o acesso do utilizador ao s\u00edtio Web e\/ou iniciar uma a\u00e7\u00e3o judicial contra o utilizador.<\/p><h5>14. Indemniza\u00e7\u00e3o<\/h5><p>O utilizador concorda em indemnizar, defender e isentar a Envolvia de todas e quaisquer reclama\u00e7\u00f5es, responsabilidades, danos, perdas e despesas relacionadas com a viola\u00e7\u00e3o dos presentes Termos e condi\u00e7\u00f5es e da legisla\u00e7\u00e3o aplic\u00e1vel, incluindo direitos de propriedade intelectual e direitos de privacidade. O utilizador reembolsar-nos-\u00e1 prontamente pelos nossos danos, perdas, custos e despesas relacionados com ou resultantes de tais reclama\u00e7\u00f5es.<\/p><h5>15. Ren\u00fancia<\/h5><p>A n\u00e3o aplica\u00e7\u00e3o de qualquer das disposi\u00e7\u00f5es estabelecidas nas presentes condi\u00e7\u00f5es e em qualquer acordo, ou o n\u00e3o exerc\u00edcio de qualquer op\u00e7\u00e3o de rescis\u00e3o, n\u00e3o ser\u00e1 interpretado como uma ren\u00fancia a essas disposi\u00e7\u00f5es e n\u00e3o afectar\u00e1 a validade das presentes condi\u00e7\u00f5es ou de qualquer acordo ou de qualquer parte dos mesmos, nem o direito de aplicar posteriormente todas e cada uma das disposi\u00e7\u00f5es.<\/p><h5>16. Idioma<\/h5><p>Os presentes Termos e Condi\u00e7\u00f5es ser\u00e3o interpretados e elaborados exclusivamente em ingl\u00eas. Todos os avisos e correspond\u00eancia ser\u00e3o redigidos exclusivamente nessa l\u00edngua.<\/p><h5>17. Acordo integral<\/h5><p class=\"translation-block\">Estes Termos e Condi\u00e7\u00f5es, juntamente com a nossa <a href=\"https:\/\/www.envolvia.com\/pt\/terms-and-conditions\/?preview_id=3100&amp;preview_nonce=8ec368ff23&amp;preview=true\" target=\"_self\">declara\u00e7\u00e3o de privacidade<\/a> e <a href=\"https:\/\/www.envolvia.com\/pt\/cookie-policy\/\" target=\"_self\">pol\u00edtica de cookies<\/a>, constituem o acordo integral entre o utilizador e Jean-Michel Martins em rela\u00e7\u00e3o \u00e0 sua utiliza\u00e7\u00e3o deste website.<\/p><h5>18. Updating of these Terms and conditions<\/h5><p>Poderemos atualizar periodicamente os presentes Termos e Condi\u00e7\u00f5es. O utilizador tem a obriga\u00e7\u00e3o de verificar periodicamente se existem altera\u00e7\u00f5es ou actualiza\u00e7\u00f5es nos presentes Termos e Condi\u00e7\u00f5es. A data indicada no in\u00edcio dos presentes Termos e Condi\u00e7\u00f5es \u00e9 a data da \u00faltima revis\u00e3o. As altera\u00e7\u00f5es aos presentes Termos e Condi\u00e7\u00f5es entrar\u00e3o em vigor ap\u00f3s a publica\u00e7\u00e3o dessas altera\u00e7\u00f5es neste s\u00edtio Web. A utiliza\u00e7\u00e3o continuada deste s\u00edtio Web ap\u00f3s a publica\u00e7\u00e3o de altera\u00e7\u00f5es ou actualiza\u00e7\u00f5es ser\u00e1 considerada uma notifica\u00e7\u00e3o da sua aceita\u00e7\u00e3o em cumprir e ficar vinculado aos presentes Termos e Condi\u00e7\u00f5es.<\/p><h5>19. Legisla\u00e7\u00e3o aplic\u00e1vel e jurisdi\u00e7\u00e3o<\/h5><p>As presentes condi\u00e7\u00f5es gerais s\u00e3o regidas pelo direito franc\u00eas. Quaisquer lit\u00edgios relacionados com as presentes Condi\u00e7\u00f5es Gerais de Venda est\u00e3o sujeitos \u00e0 jurisdi\u00e7\u00e3o dos tribunais de Fran\u00e7a. Se qualquer parte ou disposi\u00e7\u00e3o das presentes Condi\u00e7\u00f5es Gerais for considerada por um tribunal ou outra autoridade como inv\u00e1lida e\/ou inaplic\u00e1vel ao abrigo da legisla\u00e7\u00e3o aplic\u00e1vel, essa parte ou disposi\u00e7\u00e3o ser\u00e1 modificada, suprimida e\/ou aplicada na medida m\u00e1xima permitida, de modo a dar efeito \u00e0 inten\u00e7\u00e3o das presentes Condi\u00e7\u00f5es Gerais. As restantes disposi\u00e7\u00f5es n\u00e3o ser\u00e3o afectadas.<\/p><h5>20. Informa\u00e7\u00f5es de contato<\/h5><p>Este website \u00e9 propriedade e \u00e9 gerido por Jean-Michel Martins.<\/p><p>Pode contactar-nos relativamente aos presentes Termos e Condi\u00e7\u00f5es escrevendo-nos ou enviando-nos um e-mail para o seguinte endere\u00e7o:\u00a0<span class=\"cmplz-obfuscate\">jeanmichel.martins@envolvia.com<\/span><br \/>17 rue de Kermen<br \/>92100 Boulogne Billancourt<br \/>France<\/p>\t\t\t\t\t\t\t\t<\/div>\n\t\t\t\t<\/div>\n\t\t\t\t\t<\/div>\n\t\t\t\t<\/div>\n\t\t\t\t<\/div>","protected":false},"excerpt":{"rendered":"<p>Terms and conditions The Terms and Conditions were last updated on 11\/03\/2024 1. Introduction These Terms and conditions apply to this website and to the transactions related to our products and services.\u00a0You may be bound by additional contracts related to your relationship with us or any products or services that you receive from us.\u00a0If any [&hellip;]<\/p>\n","protected":false},"author":1,"featured_media":2213,"parent":0,"menu_order":0,"comment_status":"closed","ping_status":"closed","template":"","meta":{"footnotes":""},"class_list":["post-3100","page","type-page","status-publish","has-post-thumbnail","hentry"],"yoast_head":"<!-- This site is optimized with the Yoast SEO plugin v27.4 - https:\/\/yoast.com\/product\/yoast-seo-wordpress\/ -->\n<title>Terms and Conditions - Envolvia Consulting<\/title>\n<meta name=\"robots\" content=\"index, follow, max-snippet:-1, max-image-preview:large, max-video-preview:-1\" \/>\n<link rel=\"canonical\" href=\"https:\/\/www.envolvia.com\/pt\/terms-and-conditions\/\" \/>\n<meta property=\"og:locale\" content=\"pt_PT\" \/>\n<meta property=\"og:type\" content=\"article\" \/>\n<meta property=\"og:title\" content=\"Terms and Conditions - Envolvia Consulting\" \/>\n<meta property=\"og:description\" content=\"Terms and conditions The Terms and Conditions were last updated on 11\/03\/2024 1. Introduction These Terms and conditions apply to this website and to the transactions related to our products and services.\u00a0You may be bound by additional contracts related to your relationship with us or any products or services that you receive from us.\u00a0If any [&hellip;]\" \/>\n<meta property=\"og:url\" content=\"https:\/\/www.envolvia.com\/pt\/terms-and-conditions\/\" \/>\n<meta property=\"og:site_name\" content=\"Envolvia Consulting\" \/>\n<meta property=\"article:modified_time\" content=\"2024-06-14T09:24:08+00:00\" \/>\n<meta property=\"og:image\" content=\"https:\/\/www.envolvia.com\/wp-content\/uploads\/2024\/03\/international-terminal-walkway-2023-11-27-04-58-57-utc-scaled.jpg\" \/>\n\t<meta property=\"og:image:width\" content=\"2560\" \/>\n\t<meta property=\"og:image:height\" content=\"853\" \/>\n\t<meta property=\"og:image:type\" content=\"image\/jpeg\" \/>\n<meta name=\"twitter:card\" content=\"summary_large_image\" \/>\n<meta name=\"twitter:label1\" content=\"Est. reading time\" \/>\n\t<meta name=\"twitter:data1\" content=\"8 minutos\" \/>\n<script type=\"application\/ld+json\" class=\"yoast-schema-graph\">{\"@context\":\"https:\\\/\\\/schema.org\",\"@graph\":[{\"@type\":\"WebPage\",\"@id\":\"https:\\\/\\\/www.envolvia.com\\\/terms-and-conditions\\\/\",\"url\":\"https:\\\/\\\/www.envolvia.com\\\/terms-and-conditions\\\/\",\"name\":\"Terms and Conditions - Envolvia Consulting\",\"isPartOf\":{\"@id\":\"https:\\\/\\\/www.envolvia.com\\\/#website\"},\"primaryImageOfPage\":{\"@id\":\"https:\\\/\\\/www.envolvia.com\\\/terms-and-conditions\\\/#primaryimage\"},\"image\":{\"@id\":\"https:\\\/\\\/www.envolvia.com\\\/terms-and-conditions\\\/#primaryimage\"},\"thumbnailUrl\":\"https:\\\/\\\/www.envolvia.com\\\/wp-content\\\/uploads\\\/2024\\\/03\\\/international-terminal-walkway-2023-11-27-04-58-57-utc-scaled.jpg\",\"datePublished\":\"2024-03-11T09:15:19+00:00\",\"dateModified\":\"2024-06-14T09:24:08+00:00\",\"breadcrumb\":{\"@id\":\"https:\\\/\\\/www.envolvia.com\\\/terms-and-conditions\\\/#breadcrumb\"},\"inLanguage\":\"pt-PT\",\"potentialAction\":[{\"@type\":\"ReadAction\",\"target\":[\"https:\\\/\\\/www.envolvia.com\\\/terms-and-conditions\\\/\"]}]},{\"@type\":\"ImageObject\",\"inLanguage\":\"pt-PT\",\"@id\":\"https:\\\/\\\/www.envolvia.com\\\/terms-and-conditions\\\/#primaryimage\",\"url\":\"https:\\\/\\\/www.envolvia.com\\\/wp-content\\\/uploads\\\/2024\\\/03\\\/international-terminal-walkway-2023-11-27-04-58-57-utc-scaled.jpg\",\"contentUrl\":\"https:\\\/\\\/www.envolvia.com\\\/wp-content\\\/uploads\\\/2024\\\/03\\\/international-terminal-walkway-2023-11-27-04-58-57-utc-scaled.jpg\",\"width\":2560,\"height\":853,\"caption\":\"People on a moving walkway in a passenger terminal at the airport\"},{\"@type\":\"BreadcrumbList\",\"@id\":\"https:\\\/\\\/www.envolvia.com\\\/terms-and-conditions\\\/#breadcrumb\",\"itemListElement\":[{\"@type\":\"ListItem\",\"position\":1,\"name\":\"Home\",\"item\":\"https:\\\/\\\/www.envolvia.com\\\/\"},{\"@type\":\"ListItem\",\"position\":2,\"name\":\"Terms and Conditions\"}]},{\"@type\":\"WebSite\",\"@id\":\"https:\\\/\\\/www.envolvia.com\\\/#website\",\"url\":\"https:\\\/\\\/www.envolvia.com\\\/\",\"name\":\"Envolvia\",\"description\":\"Linking bridges together !\",\"publisher\":{\"@id\":\"https:\\\/\\\/www.envolvia.com\\\/#organization\"},\"potentialAction\":[{\"@type\":\"SearchAction\",\"target\":{\"@type\":\"EntryPoint\",\"urlTemplate\":\"https:\\\/\\\/www.envolvia.com\\\/?s={search_term_string}\"},\"query-input\":{\"@type\":\"PropertyValueSpecification\",\"valueRequired\":true,\"valueName\":\"search_term_string\"}}],\"inLanguage\":\"pt-PT\"},{\"@type\":\"Organization\",\"@id\":\"https:\\\/\\\/www.envolvia.com\\\/#organization\",\"name\":\"Envolvia Consulting\",\"url\":\"https:\\\/\\\/www.envolvia.com\\\/\",\"logo\":{\"@type\":\"ImageObject\",\"inLanguage\":\"pt-PT\",\"@id\":\"https:\\\/\\\/www.envolvia.com\\\/#\\\/schema\\\/logo\\\/image\\\/\",\"url\":\"https:\\\/\\\/www.envolvia.com\\\/wp-content\\\/uploads\\\/2024\\\/02\\\/logo-envolvia.png\",\"contentUrl\":\"https:\\\/\\\/www.envolvia.com\\\/wp-content\\\/uploads\\\/2024\\\/02\\\/logo-envolvia.png\",\"width\":503,\"height\":241,\"caption\":\"Envolvia Consulting\"},\"image\":{\"@id\":\"https:\\\/\\\/www.envolvia.com\\\/#\\\/schema\\\/logo\\\/image\\\/\"},\"sameAs\":[\"https:\\\/\\\/www.linkedin.com\\\/company\\\/envolvia\\\/\"]}]}<\/script>\n<!-- \/ Yoast SEO plugin. -->","yoast_head_json":{"title":"Termos e Condi\u00e7\u00f5es - Envolvia Consulting","robots":{"index":"index","follow":"follow","max-snippet":"max-snippet:-1","max-image-preview":"max-image-preview:large","max-video-preview":"max-video-preview:-1"},"canonical":"https:\/\/www.envolvia.com\/pt\/terms-and-conditions\/","og_locale":"pt_PT","og_type":"article","og_title":"Terms and Conditions - Envolvia Consulting","og_description":"Terms and conditions The Terms and Conditions were last updated on 11\/03\/2024 1. Introduction These Terms and conditions apply to this website and to the transactions related to our products and services.\u00a0You may be bound by additional contracts related to your relationship with us or any products or services that you receive from us.\u00a0If any [&hellip;]","og_url":"https:\/\/www.envolvia.com\/pt\/terms-and-conditions\/","og_site_name":"Envolvia Consulting","article_modified_time":"2024-06-14T09:24:08+00:00","og_image":[{"width":2560,"height":853,"url":"https:\/\/www.envolvia.com\/wp-content\/uploads\/2024\/03\/international-terminal-walkway-2023-11-27-04-58-57-utc-scaled.jpg","type":"image\/jpeg"}],"twitter_card":"summary_large_image","twitter_misc":{"Est. reading time":"8 minutos"},"schema":{"@context":"https:\/\/schema.org","@graph":[{"@type":"WebPage","@id":"https:\/\/www.envolvia.com\/terms-and-conditions\/","url":"https:\/\/www.envolvia.com\/terms-and-conditions\/","name":"Termos e Condi\u00e7\u00f5es - Envolvia Consulting","isPartOf":{"@id":"https:\/\/www.envolvia.com\/#website"},"primaryImageOfPage":{"@id":"https:\/\/www.envolvia.com\/terms-and-conditions\/#primaryimage"},"image":{"@id":"https:\/\/www.envolvia.com\/terms-and-conditions\/#primaryimage"},"thumbnailUrl":"https:\/\/www.envolvia.com\/wp-content\/uploads\/2024\/03\/international-terminal-walkway-2023-11-27-04-58-57-utc-scaled.jpg","datePublished":"2024-03-11T09:15:19+00:00","dateModified":"2024-06-14T09:24:08+00:00","breadcrumb":{"@id":"https:\/\/www.envolvia.com\/terms-and-conditions\/#breadcrumb"},"inLanguage":"pt-PT","potentialAction":[{"@type":"ReadAction","target":["https:\/\/www.envolvia.com\/terms-and-conditions\/"]}]},{"@type":"ImageObject","inLanguage":"pt-PT","@id":"https:\/\/www.envolvia.com\/terms-and-conditions\/#primaryimage","url":"https:\/\/www.envolvia.com\/wp-content\/uploads\/2024\/03\/international-terminal-walkway-2023-11-27-04-58-57-utc-scaled.jpg","contentUrl":"https:\/\/www.envolvia.com\/wp-content\/uploads\/2024\/03\/international-terminal-walkway-2023-11-27-04-58-57-utc-scaled.jpg","width":2560,"height":853,"caption":"People on a moving walkway in a passenger terminal at the airport"},{"@type":"BreadcrumbList","@id":"https:\/\/www.envolvia.com\/terms-and-conditions\/#breadcrumb","itemListElement":[{"@type":"ListItem","position":1,"name":"Home","item":"https:\/\/www.envolvia.com\/"},{"@type":"ListItem","position":2,"name":"Terms and Conditions"}]},{"@type":"WebSite","@id":"https:\/\/www.envolvia.com\/#website","url":"https:\/\/www.envolvia.com\/","name":"Envolvia","description":"Linking bridges together !","publisher":{"@id":"https:\/\/www.envolvia.com\/#organization"},"potentialAction":[{"@type":"SearchAction","target":{"@type":"EntryPoint","urlTemplate":"https:\/\/www.envolvia.com\/?s={search_term_string}"},"query-input":{"@type":"PropertyValueSpecification","valueRequired":true,"valueName":"search_term_string"}}],"inLanguage":"pt-PT"},{"@type":"Organization","@id":"https:\/\/www.envolvia.com\/#organization","name":"Envolvia Consulting","url":"https:\/\/www.envolvia.com\/","logo":{"@type":"ImageObject","inLanguage":"pt-PT","@id":"https:\/\/www.envolvia.com\/#\/schema\/logo\/image\/","url":"https:\/\/www.envolvia.com\/wp-content\/uploads\/2024\/02\/logo-envolvia.png","contentUrl":"https:\/\/www.envolvia.com\/wp-content\/uploads\/2024\/02\/logo-envolvia.png","width":503,"height":241,"caption":"Envolvia Consulting"},"image":{"@id":"https:\/\/www.envolvia.com\/#\/schema\/logo\/image\/"},"sameAs":["https:\/\/www.linkedin.com\/company\/envolvia\/"]}]}},"_links":{"self":[{"href":"http:\/\/www.envolvia.com\/pt\/wp-json\/wp\/v2\/pages\/3100","targetHints":{"allow":["GET"]}}],"collection":[{"href":"http:\/\/www.envolvia.com\/pt\/wp-json\/wp\/v2\/pages"}],"about":[{"href":"http:\/\/www.envolvia.com\/pt\/wp-json\/wp\/v2\/types\/page"}],"author":[{"embeddable":true,"href":"http:\/\/www.envolvia.com\/pt\/wp-json\/wp\/v2\/users\/1"}],"replies":[{"embeddable":true,"href":"http:\/\/www.envolvia.com\/pt\/wp-json\/wp\/v2\/comments?post=3100"}],"version-history":[{"count":0,"href":"http:\/\/www.envolvia.com\/pt\/wp-json\/wp\/v2\/pages\/3100\/revisions"}],"wp:featuredmedia":[{"embeddable":true,"href":"http:\/\/www.envolvia.com\/pt\/wp-json\/wp\/v2\/media\/2213"}],"wp:attachment":[{"href":"http:\/\/www.envolvia.com\/pt\/wp-json\/wp\/v2\/media?parent=3100"}],"curies":[{"name":"wp","href":"https:\/\/api.w.org\/{rel}","templated":true}]}}